{"id":38,"date":"2026-03-27T11:06:46","date_gmt":"2026-03-27T11:06:46","guid":{"rendered":"https:\/\/akanlaw.tr\/?page_id=38"},"modified":"2026-03-29T10:20:42","modified_gmt":"2026-03-29T10:20:42","slug":"iletisim","status":"publish","type":"page","link":"https:\/\/akanlaw.tr\/index.php\/iletisim\/","title":{"rendered":"\u0130leti\u015fim"},"content":{"rendered":"\n<div class=\"wp-block-columns is-layout-flex wp-container-core-columns-is-layout-28f84493 wp-block-columns-is-layout-flex\">\n<div class=\"wp-block-column is-layout-flow wp-container-core-column-is-layout-c39a6912 wp-block-column-is-layout-flow\" style=\"flex-basis:50%\">\n<div class=\"wp-block-group has-global-padding is-layout-constrained wp-block-group-is-layout-constrained\">\n<h1 class=\"wp-block-heading has-merriweather-font-family has-xxx-large-font-size\" style=\"font-style:normal;font-weight:600;line-height:1.5\"><style id=\"wpforms-css-vars-129\">\n\t\t\t\t#wpforms-129 {\n\t\t\t\t--wpforms-container-padding: 0px;\n--wpforms-container-border-width: 1px;\n--wpforms-container-border-radius: 3px;\n--wpforms-background-color: rgba(0, 0, 0, 0);\n--wpforms-field-size-input-height: 43px;\n--wpforms-field-size-input-spacing: 15px;\n--wpforms-field-size-font-size: 16px;\n--wpforms-field-size-line-height: 19px;\n--wpforms-field-size-padding-h: 14px;\n--wpforms-field-size-checkbox-size: 16px;\n--wpforms-field-size-sublabel-spacing: 5px;\n--wpforms-field-size-icon-size: 1;\n--wpforms-label-size-font-size: 16px;\n--wpforms-label-size-line-height: 19px;\n--wpforms-label-size-sublabel-font-size: 14px;\n--wpforms-label-size-sublabel-line-height: 17px;\n--wpforms-button-size-font-size: 17px;\n--wpforms-button-size-height: 41px;\n--wpforms-button-size-padding-h: 15px;\n--wpforms-button-size-margin-top: 10px;\n--wpforms-container-shadow-size-box-shadow: none;\n\t\t\t}\n\t\t\t<\/style><div class=\"wpforms-container wpforms-container-full wpforms-render-modern\" id=\"wpforms-129\"><form id=\"wpforms-form-129\" class=\"wpforms-validate wpforms-form wpforms-ajax-form\" data-formid=\"129\" method=\"post\" enctype=\"multipart\/form-data\" action=\"\/index.php\/wp-json\/wp\/v2\/pages\/38\" data-token=\"8c5c7d628c45a5e3c7593f3111aa0e90\" data-token-time=\"1776510727\"><noscript class=\"wpforms-error-noscript\">Bu formu bitirebilmek i\u00e7in taray\u0131c\u0131n\u0131zda JavaScript&#039;i etkinle\u015ftirin.<\/noscript><div id=\"wpforms-error-noscript\" style=\"display: none;\">Bu formu bitirebilmek i\u00e7in taray\u0131c\u0131n\u0131zda JavaScript&#039;i etkinle\u015ftirin.<\/div><div class=\"wpforms-field-container\"><div id=\"wpforms-129-field_1-container\" class=\"wpforms-field wpforms-field-name\" data-field-id=\"1\"><label class=\"wpforms-field-label\" for=\"wpforms-129-field_1\">Ad\u0131 Soyad\u0131 <span class=\"wpforms-required-label\" aria-hidden=\"true\">*<\/span><\/label><input type=\"text\" id=\"wpforms-129-field_1\" class=\"wpforms-field-medium wpforms-field-required\" name=\"wpforms[fields][1]\" aria-errormessage=\"wpforms-129-field_1-error\" required><\/div>\t\t<div id=\"wpforms-129-field_6-container\"\n\t\t\tclass=\"wpforms-field wpforms-field-text\"\n\t\t\tdata-field-type=\"text\"\n\t\t\tdata-field-id=\"6\"\n\t\t\t>\n\t\t\t<label class=\"wpforms-field-label\" for=\"wpforms-129-field_6\" >Yorum veya Mesaj<\/label>\n\t\t\t<input type=\"text\" id=\"wpforms-129-field_6\" class=\"wpforms-field-medium\" name=\"wpforms[fields][6]\" >\n\t\t<\/div>\n\t\t<div id=\"wpforms-129-field_2-container\" class=\"wpforms-field wpforms-field-email\" data-field-id=\"2\"><label class=\"wpforms-field-label\" for=\"wpforms-129-field_2\">E-posta <span class=\"wpforms-required-label\" aria-hidden=\"true\">*<\/span><\/label><input type=\"email\" id=\"wpforms-129-field_2\" class=\"wpforms-field-medium wpforms-field-required\" name=\"wpforms[fields][2]\" spellcheck=\"false\" aria-errormessage=\"wpforms-129-field_2-error\" required><\/div><div id=\"wpforms-129-field_4-container\" class=\"wpforms-field wpforms-field-text\" data-field-id=\"4\"><label class=\"wpforms-field-label\" for=\"wpforms-129-field_4\">Telefon Numaras\u0131 <span class=\"wpforms-required-label\" aria-hidden=\"true\">*<\/span><\/label><input type=\"text\" id=\"wpforms-129-field_4\" class=\"wpforms-field-medium wpforms-field-required\" name=\"wpforms[fields][4]\" aria-errormessage=\"wpforms-129-field_4-error\" required><\/div><div id=\"wpforms-129-field_5-container\" class=\"wpforms-field wpforms-field-select wpforms-field-select-style-classic\" data-field-id=\"5\"><label class=\"wpforms-field-label\" for=\"wpforms-129-field_5\">Dava T\u00fcr\u00fc<\/label><select id=\"wpforms-129-field_5\" class=\"wpforms-field-medium\" name=\"wpforms[fields][5]\"><option value=\"Kira Hukuku\"  class=\"choice-1 depth-1\"  >Kira Hukuku<\/option><option value=\"Ceza Hukuku\"  class=\"choice-2 depth-1\"  >Ceza Hukuku<\/option><option value=\"Yabanc\u0131lar Hukuku\"  class=\"choice-3 depth-1\"  >Yabanc\u0131lar Hukuku<\/option><option value=\"Bo\u015fanma Hukuku\"  class=\"choice-5 depth-1\"  >Bo\u015fanma Hukuku<\/option><option value=\"Gayrimenkul Hukuku\"  class=\"choice-4 depth-1\"  >Gayrimenkul Hukuku<\/option><option value=\"Di\u011fer\"  class=\"choice-6 depth-1\"  >Di\u011fer<\/option><\/select><\/div><div id=\"wpforms-129-field_3-container\" class=\"wpforms-field wpforms-field-textarea\" data-field-id=\"3\"><label class=\"wpforms-field-label\" for=\"wpforms-129-field_3\">Yorum veya Mesaj<\/label><textarea id=\"wpforms-129-field_3\" class=\"wpforms-field-medium\" name=\"wpforms[fields][3]\" aria-errormessage=\"wpforms-129-field_3-error\" ><\/textarea><\/div><script>\n\t\t\t\t( function() {\n\t\t\t\t\tconst style = document.createElement( 'style' );\n\t\t\t\t\tstyle.appendChild( document.createTextNode( '#wpforms-129-field_6-container { position: absolute !important; overflow: hidden !important; display: inline !important; height: 1px !important; width: 1px !important; z-index: -1000 !important; padding: 0 !important; } #wpforms-129-field_6-container input { visibility: hidden; } #wpforms-conversational-form-page #wpforms-129-field_6-container label { counter-increment: none; }' ) );\n\t\t\t\t\tdocument.head.appendChild( style );\n\t\t\t\t\tdocument.currentScript?.remove();\n\t\t\t\t} )();\n\t\t\t<\/script><\/div><!-- .wpforms-field-container --><div class=\"wpforms-submit-container\" ><input type=\"hidden\" name=\"wpforms[id]\" value=\"129\"><input type=\"hidden\" name=\"page_title\" value=\"\"><input type=\"hidden\" name=\"page_url\" value=\"https:\/\/akanlaw.tr\/index.php\/wp-json\/wp\/v2\/pages\/38\"><input type=\"hidden\" name=\"url_referer\" value=\"\"><button type=\"submit\" name=\"wpforms[submit]\" id=\"wpforms-submit-129\" class=\"wpforms-submit\" data-alt-text=\"G\u00f6nderiliyor...\" data-submit-text=\"G\u00f6nder\" aria-live=\"assertive\" value=\"wpforms-submit\">G\u00f6nder<\/button><img loading=\"lazy\" decoding=\"async\" src=\"https:\/\/akanlaw.tr\/wp-content\/plugins\/wpforms-lite\/assets\/images\/submit-spin.svg\" class=\"wpforms-submit-spinner\" style=\"display: none;\" width=\"26\" height=\"26\" alt=\"Y\u00fckleniyor\"><\/div><\/form><\/div>  <!-- .wpforms-container --><\/h1>\n<\/div>\n\n\n\n<p class=\"has-small-font-size\" style=\"font-style:normal;font-weight:300;line-height:1.8\">M\u00fcvekkillerine de\u011fer katan \u00e7\u00f6z\u00fcmler \u00fcretmeyi hedefleyen Akan Hukuk B\u00fcrosu, risk y\u00f6netimi ve s\u00fcrd\u00fcr\u00fclebilirlik odakl\u0131 yakla\u015f\u0131m\u0131yla, her sekt\u00f6re \u00f6zel stratejik ve etkin \u00e7\u00f6z\u00fcmler geli\u015ftirmektedir.<\/p>\n<\/div>\n\n\n\n<div class=\"wp-block-column is-layout-flow wp-block-column-is-layout-flow\" style=\"flex-basis:50%\">\n<h6 class=\"wp-block-heading has-small-font-size\"><strong>Adres:<\/strong><\/h6>\n\n\n\n<p class=\"has-small-font-size\" style=\"font-style:normal;font-weight:300;line-height:1.8\">H\u00fcrriyet Mahallesi, Vatan Caddesi D\u0131\u015f Kap\u0131 No:4 Avrasya \u0130\u015f Merkezi Kat:6 D:20 Ka\u011f\u0131thane\/ \u0130STANBUL<\/p>\n\n\n\n<h6 class=\"wp-block-heading has-small-font-size\"><strong>Telefon:<\/strong><\/h6>\n\n\n\n<p class=\"has-small-font-size\" style=\"font-style:normal;font-weight:300;line-height:1.8\">05300828033<\/p>\n\n\n\n<iframe src=\"https:\/\/www.google.com\/maps\/embed?pb=!1m18!1m12!1m3!1d3007.8676133835984!2d28.97771597562456!3d41.0718863713417!2m3!1f0!2f0!3f0!3m2!1i1024!2i768!4f13.1!3m3!1m2!1s0x14cab785af71833f%3A0x1f2f0eb14f9df8b2!2zQXZyYXN5YSDEsMWfIE1lcmtlemk!5e0!3m2!1str!2str!4v1774779498463!5m2!1str!2str\" width=\"350\" height=\"300\" style=\"border:0;\" allowfullscreen=\"\" loading=\"lazy\" referrerpolicy=\"no-referrer-when-downgrade\"><\/iframe>\n<\/div>\n<\/div>\n","protected":false},"excerpt":{"rendered":"<p>M\u00fcvekkillerine de\u011fer katan \u00e7\u00f6z\u00fcmler \u00fcretmeyi hedefleyen Akan Hukuk B\u00fcrosu, risk y\u00f6netimi ve s\u00fcrd\u00fcr\u00fclebilirlik odakl\u0131 yakla\u015f\u0131m\u0131yla, her sekt\u00f6re \u00f6zel stratejik ve etkin \u00e7\u00f6z\u00fcmler geli\u015ftirmektedir. Adres: H\u00fcrriyet Mahallesi, Vatan Caddesi D\u0131\u015f Kap\u0131 No:4 Avrasya \u0130\u015f Merkezi Kat:6 D:20 Ka\u011f\u0131thane\/ \u0130STANBUL Telefon: 05300828033<\/p>\n","protected":false},"author":1,"featured_media":0,"parent":0,"menu_order":0,"comment_status":"closed","ping_status":"closed","template":"","meta":{"footnotes":""},"class_list":["post-38","page","type-page","status-publish","hentry"],"_links":{"self":[{"href":"https:\/\/akanlaw.tr\/index.php\/wp-json\/wp\/v2\/pages\/38","targetHints":{"allow":["GET"]}}],"collection":[{"href":"https:\/\/akanlaw.tr\/index.php\/wp-json\/wp\/v2\/pages"}],"about":[{"href":"https:\/\/akanlaw.tr\/index.php\/wp-json\/wp\/v2\/types\/page"}],"author":[{"embeddable":true,"href":"https:\/\/akanlaw.tr\/index.php\/wp-json\/wp\/v2\/users\/1"}],"replies":[{"embeddable":true,"href":"https:\/\/akanlaw.tr\/index.php\/wp-json\/wp\/v2\/comments?post=38"}],"version-history":[{"count":14,"href":"https:\/\/akanlaw.tr\/index.php\/wp-json\/wp\/v2\/pages\/38\/revisions"}],"predecessor-version":[{"id":151,"href":"https:\/\/akanlaw.tr\/index.php\/wp-json\/wp\/v2\/pages\/38\/revisions\/151"}],"wp:attachment":[{"href":"https:\/\/akanlaw.tr\/index.php\/wp-json\/wp\/v2\/media?parent=38"}],"curies":[{"name":"wp","href":"https:\/\/api.w.org\/{rel}","templated":true}]}}