{"id":34,"date":"2026-03-27T11:05:12","date_gmt":"2026-03-27T11:05:12","guid":{"rendered":"https:\/\/akanlaw.tr\/?page_id=34"},"modified":"2026-03-29T10:43:44","modified_gmt":"2026-03-29T10:43:44","slug":"faaliyetlerimiz","status":"publish","type":"page","link":"https:\/\/akanlaw.tr\/index.php\/faaliyetlerimiz\/","title":{"rendered":"Hizmetlerimiz"},"content":{"rendered":"\n<div class=\"wp-block-group alignfull has-pure-white-background-color has-background has-global-padding is-layout-constrained wp-container-core-group-is-layout-4eb2ff03 wp-block-group-is-layout-constrained\" style=\"margin-top:0;margin-bottom:0;padding-top:var(--wp--preset--spacing--x-large);padding-right:var(--wp--preset--spacing--x-small);padding-bottom:var(--wp--preset--spacing--x-large);padding-left:var(--wp--preset--spacing--x-small)\">\n<div class=\"wp-block-columns is-layout-flex wp-container-core-columns-is-layout-28f84493 wp-block-columns-is-layout-flex\">\n<div class=\"wp-block-column is-layout-flow wp-block-column-is-layout-flow\" style=\"flex-basis:25%\"><\/div>\n\n\n\n<div class=\"wp-block-column is-layout-flow wp-block-column-is-layout-flow\" style=\"flex-basis:50%\">\n<h3 class=\"wp-block-heading has-text-align-center has-xx-large-font-size\" style=\"font-style:normal;font-weight:700;line-height:1.3\">Hizmetlerimiz<\/h3>\n\n\n\n<p class=\"has-text-align-center has-text-color has-link-color has-x-small-font-size wp-elements-4da946026c388a9537209c9a48e8899e\" style=\"color:#4d5d6d\">Hizmetlerimiz do\u011frultusunda, farkl\u0131 hukuk alanlar\u0131nda h\u0131zl\u0131 ve etkili \u00e7\u00f6z\u00fcmler sunarak m\u00fcvekkillerimize destek oluyoruz.<\/p>\n<\/div>\n\n\n\n<div class=\"wp-block-column is-layout-flow wp-block-column-is-layout-flow\" style=\"flex-basis:25%\"><\/div>\n<\/div>\n\n\n\n<div class=\"wp-block-group is-layout-grid wp-container-core-group-is-layout-cabb0a67 wp-block-group-is-layout-grid\">\n<div class=\"wp-block-group has-border-color wp-container-content-79286276 is-vertical is-layout-flex wp-container-core-group-is-layout-17270ac4 wp-block-group-is-layout-flex\" style=\"border-color:#eeeeee;border-width:1px;border-top-left-radius:5px;border-top-right-radius:5px;border-bottom-left-radius:5px;border-bottom-right-radius:5px;padding-top:var(--wp--preset--spacing--large);padding-right:var(--wp--preset--spacing--medium);padding-bottom:var(--wp--preset--spacing--large);padding-left:var(--wp--preset--spacing--medium)\">\n<figure class=\"wp-block-image size-full\"><img loading=\"lazy\" decoding=\"async\" width=\"469\" height=\"402\" src=\"https:\/\/akanlaw.tr\/wp-content\/uploads\/2026\/03\/Kira.png\" alt=\"\" class=\"wp-image-117\" srcset=\"https:\/\/akanlaw.tr\/wp-content\/uploads\/2026\/03\/Kira.png 469w, https:\/\/akanlaw.tr\/wp-content\/uploads\/2026\/03\/Kira-300x257.png 300w\" sizes=\"auto, (max-width: 469px) 100vw, 469px\" \/><\/figure>\n\n\n\n<h5 class=\"wp-block-heading\" style=\"font-style:normal;font-weight:600\">Kira Hukuku<\/h5>\n\n\n\n<p class=\"has-text-color has-link-color has-x-small-font-size wp-elements-5da2ec03868634c1dc2071820ab57c56\" style=\"color:#4d5d6d;line-height:1.8\">Kira hukukuna uygun dava dosyalar\u0131n\u0131n dan\u0131\u015fmanl\u0131\u011f\u0131<\/p>\n<\/div>\n\n\n\n<div class=\"wp-block-group has-border-color is-vertical is-layout-flex wp-container-core-group-is-layout-17270ac4 wp-block-group-is-layout-flex\" style=\"border-color:#eeeeee;border-width:1px;border-top-left-radius:5px;border-top-right-radius:5px;border-bottom-left-radius:5px;border-bottom-right-radius:5px;padding-top:var(--wp--preset--spacing--large);padding-right:var(--wp--preset--spacing--medium);padding-bottom:var(--wp--preset--spacing--large);padding-left:var(--wp--preset--spacing--medium)\">\n<figure class=\"wp-block-image size-full\"><img loading=\"lazy\" decoding=\"async\" width=\"466\" height=\"403\" src=\"https:\/\/akanlaw.tr\/wp-content\/uploads\/2026\/03\/Ceza.png\" alt=\"\" class=\"wp-image-118\" srcset=\"https:\/\/akanlaw.tr\/wp-content\/uploads\/2026\/03\/Ceza.png 466w, https:\/\/akanlaw.tr\/wp-content\/uploads\/2026\/03\/Ceza-300x259.png 300w\" sizes=\"auto, (max-width: 466px) 100vw, 466px\" \/><\/figure>\n\n\n\n<h5 class=\"wp-block-heading\" style=\"font-style:normal;font-weight:600\">Ceza Hukuku<\/h5>\n\n\n\n<p class=\"has-text-color has-link-color has-x-small-font-size wp-elements-c922ef1c3e34fb4d4076ea76fabef727\" style=\"color:#4d5d6d;line-height:1.8\">Ceza hukukuna uygun dava dosyalar\u0131n\u0131n dan\u0131\u015fmanl\u0131\u011f\u0131<\/p>\n<\/div>\n\n\n\n<div class=\"wp-block-group has-border-color is-vertical is-layout-flex wp-container-core-group-is-layout-17270ac4 wp-block-group-is-layout-flex\" style=\"border-color:#eeeeee;border-width:1px;border-top-left-radius:5px;border-top-right-radius:5px;border-bottom-left-radius:5px;border-bottom-right-radius:5px;padding-top:var(--wp--preset--spacing--large);padding-right:var(--wp--preset--spacing--medium);padding-bottom:var(--wp--preset--spacing--large);padding-left:var(--wp--preset--spacing--medium)\">\n<figure class=\"wp-block-image size-full\"><img loading=\"lazy\" decoding=\"async\" width=\"468\" height=\"402\" src=\"https:\/\/akanlaw.tr\/wp-content\/uploads\/2026\/03\/Yabanci.png\" alt=\"\" class=\"wp-image-119\" srcset=\"https:\/\/akanlaw.tr\/wp-content\/uploads\/2026\/03\/Yabanci.png 468w, https:\/\/akanlaw.tr\/wp-content\/uploads\/2026\/03\/Yabanci-300x258.png 300w\" sizes=\"auto, (max-width: 468px) 100vw, 468px\" \/><\/figure>\n\n\n\n<h5 class=\"wp-block-heading\" style=\"font-style:normal;font-weight:600\">Yabanc\u0131lar Hukuku<\/h5>\n\n\n\n<p class=\"has-text-color has-link-color has-x-small-font-size wp-elements-f84b88735902438ddc0246b5e14e33ae\" style=\"color:#4d5d6d;line-height:1.8\">Yabanc\u0131lar hukukuna uygun dava dosyalar\u0131n\u0131n dan\u0131\u015fmanl\u0131\u011f\u0131<\/p>\n<\/div>\n\n\n\n<div class=\"wp-block-group has-border-color is-vertical is-layout-flex wp-container-core-group-is-layout-17270ac4 wp-block-group-is-layout-flex\" style=\"border-color:#eeeeee;border-width:1px;border-top-left-radius:5px;border-top-right-radius:5px;border-bottom-left-radius:5px;border-bottom-right-radius:5px;padding-top:var(--wp--preset--spacing--large);padding-right:var(--wp--preset--spacing--medium);padding-bottom:var(--wp--preset--spacing--large);padding-left:var(--wp--preset--spacing--medium)\">\n<figure class=\"wp-block-image size-full\"><img loading=\"lazy\" decoding=\"async\" width=\"727\" height=\"398\" src=\"https:\/\/akanlaw.tr\/wp-content\/uploads\/2026\/03\/bosanma.png\" alt=\"\" class=\"wp-image-121\" srcset=\"https:\/\/akanlaw.tr\/wp-content\/uploads\/2026\/03\/bosanma.png 727w, https:\/\/akanlaw.tr\/wp-content\/uploads\/2026\/03\/bosanma-300x164.png 300w\" sizes=\"auto, (max-width: 727px) 100vw, 727px\" \/><\/figure>\n\n\n\n<h5 class=\"wp-block-heading\" style=\"font-style:normal;font-weight:600\">Bo\u015fanma Hukuku<\/h5>\n\n\n\n<p class=\"has-text-color has-link-color has-x-small-font-size wp-elements-37724fc8cbcfd8f9217e10900c8c13d3\" style=\"color:#4d5d6d;line-height:1.8\">Bo\u015fanma hukukuna uygun dava dosyalar\u0131n\u0131n dan\u0131\u015fmanl\u0131\u011f\u0131<\/p>\n<\/div>\n\n\n\n<div class=\"wp-block-group has-border-color is-vertical is-layout-flex wp-container-core-group-is-layout-17270ac4 wp-block-group-is-layout-flex\" style=\"border-color:#eeeeee;border-width:1px;border-top-left-radius:5px;border-top-right-radius:5px;border-bottom-left-radius:5px;border-bottom-right-radius:5px;padding-top:var(--wp--preset--spacing--large);padding-right:var(--wp--preset--spacing--medium);padding-bottom:var(--wp--preset--spacing--large);padding-left:var(--wp--preset--spacing--medium)\">\n<figure class=\"wp-block-image size-full\"><img loading=\"lazy\" decoding=\"async\" width=\"594\" height=\"391\" src=\"https:\/\/akanlaw.tr\/wp-content\/uploads\/2026\/03\/Gayrimenkul.png\" alt=\"\" class=\"wp-image-122\" srcset=\"https:\/\/akanlaw.tr\/wp-content\/uploads\/2026\/03\/Gayrimenkul.png 594w, https:\/\/akanlaw.tr\/wp-content\/uploads\/2026\/03\/Gayrimenkul-300x197.png 300w\" sizes=\"auto, (max-width: 594px) 100vw, 594px\" \/><\/figure>\n\n\n\n<h5 class=\"wp-block-heading\" style=\"font-style:normal;font-weight:600\">Gayrimenkul Hukuku<\/h5>\n\n\n\n<p class=\"has-text-color has-link-color has-x-small-font-size wp-elements-ec05b5a9c38800b080c2f6a1f06aef75\" style=\"color:#4d5d6d;line-height:1.8\">Gayrimenkul hukukuna uygun dava dosyalar\u0131n\u0131n dan\u0131\u015fmanl\u0131\u011f\u0131<\/p>\n<\/div>\n<\/div>\n<\/div>\n","protected":false},"excerpt":{"rendered":"<p>Hizmetlerimiz Hizmetlerimiz do\u011frultusunda, farkl\u0131 hukuk alanlar\u0131nda h\u0131zl\u0131 ve etkili \u00e7\u00f6z\u00fcmler sunarak m\u00fcvekkillerimize destek oluyoruz. Kira Hukuku Kira hukukuna uygun dava dosyalar\u0131n\u0131n dan\u0131\u015fmanl\u0131\u011f\u0131 Ceza Hukuku Ceza hukukuna uygun dava dosyalar\u0131n\u0131n dan\u0131\u015fmanl\u0131\u011f\u0131 Yabanc\u0131lar Hukuku Yabanc\u0131lar hukukuna uygun dava dosyalar\u0131n\u0131n dan\u0131\u015fmanl\u0131\u011f\u0131 Bo\u015fanma Hukuku Bo\u015fanma hukukuna uygun dava dosyalar\u0131n\u0131n dan\u0131\u015fmanl\u0131\u011f\u0131 Gayrimenkul Hukuku Gayrimenkul hukukuna uygun dava dosyalar\u0131n\u0131n dan\u0131\u015fmanl\u0131\u011f\u0131<\/p>\n","protected":false},"author":1,"featured_media":0,"parent":0,"menu_order":0,"comment_status":"closed","ping_status":"closed","template":"","meta":{"footnotes":""},"class_list":["post-34","page","type-page","status-publish","hentry"],"_links":{"self":[{"href":"https:\/\/akanlaw.tr\/index.php\/wp-json\/wp\/v2\/pages\/34","targetHints":{"allow":["GET"]}}],"collection":[{"href":"https:\/\/akanlaw.tr\/index.php\/wp-json\/wp\/v2\/pages"}],"about":[{"href":"https:\/\/akanlaw.tr\/index.php\/wp-json\/wp\/v2\/types\/page"}],"author":[{"embeddable":true,"href":"https:\/\/akanlaw.tr\/index.php\/wp-json\/wp\/v2\/users\/1"}],"replies":[{"embeddable":true,"href":"https:\/\/akanlaw.tr\/index.php\/wp-json\/wp\/v2\/comments?post=34"}],"version-history":[{"count":5,"href":"https:\/\/akanlaw.tr\/index.php\/wp-json\/wp\/v2\/pages\/34\/revisions"}],"predecessor-version":[{"id":162,"href":"https:\/\/akanlaw.tr\/index.php\/wp-json\/wp\/v2\/pages\/34\/revisions\/162"}],"wp:attachment":[{"href":"https:\/\/akanlaw.tr\/index.php\/wp-json\/wp\/v2\/media?parent=34"}],"curies":[{"name":"wp","href":"https:\/\/api.w.org\/{rel}","templated":true}]}}