{"id":32,"date":"2026-03-27T11:05:01","date_gmt":"2026-03-27T11:05:01","guid":{"rendered":"https:\/\/akanlaw.tr\/?page_id=32"},"modified":"2026-03-29T10:00:46","modified_gmt":"2026-03-29T10:00:46","slug":"hakkimizda","status":"publish","type":"page","link":"https:\/\/akanlaw.tr\/index.php\/hakkimizda\/","title":{"rendered":"Hakk\u0131m\u0131zda"},"content":{"rendered":"\n<div class=\"wp-block-group alignfull has-background has-global-padding is-layout-constrained wp-container-core-group-is-layout-86ceb742 wp-block-group-is-layout-constrained\" style=\"background-color:#f3f5f9;margin-top:0;margin-bottom:0;padding-top:var(--wp--preset--spacing--x-large);padding-right:var(--wp--preset--spacing--x-small);padding-bottom:var(--wp--preset--spacing--x-large);padding-left:var(--wp--preset--spacing--x-small)\">\n<div class=\"wp-block-columns are-vertically-aligned-center is-layout-flex wp-container-core-columns-is-layout-9859d175 wp-block-columns-is-layout-flex\">\n<div class=\"wp-block-column is-vertically-aligned-center is-layout-flow wp-container-core-column-is-layout-c7b3064f wp-block-column-is-layout-flow\" style=\"flex-basis:50%\">\n<div class=\"wp-block-group has-global-padding is-layout-constrained wp-block-group-is-layout-constrained\">\n<figure class=\"wp-block-image size-full has-custom-border\"><img loading=\"lazy\" decoding=\"async\" width=\"1260\" height=\"1694\" src=\"https:\/\/akanlaw.tr\/wp-content\/uploads\/2026\/03\/gavel-on-law-books-scaled-e1774610437897.jpg\" alt=\"\" class=\"wp-image-47\" style=\"border-top-left-radius:10px;border-top-right-radius:10px;border-bottom-left-radius:10px;border-bottom-right-radius:10px\" srcset=\"https:\/\/akanlaw.tr\/wp-content\/uploads\/2026\/03\/gavel-on-law-books-scaled-e1774610437897.jpg 1260w, https:\/\/akanlaw.tr\/wp-content\/uploads\/2026\/03\/gavel-on-law-books-scaled-e1774610437897-223x300.jpg 223w, https:\/\/akanlaw.tr\/wp-content\/uploads\/2026\/03\/gavel-on-law-books-scaled-e1774610437897-762x1024.jpg 762w, https:\/\/akanlaw.tr\/wp-content\/uploads\/2026\/03\/gavel-on-law-books-scaled-e1774610437897-768x1033.jpg 768w, https:\/\/akanlaw.tr\/wp-content\/uploads\/2026\/03\/gavel-on-law-books-scaled-e1774610437897-1142x1536.jpg 1142w\" sizes=\"auto, (max-width: 1260px) 100vw, 1260px\" \/><\/figure>\n<\/div>\n<\/div>\n\n\n\n<div class=\"wp-block-column is-vertically-aligned-center is-layout-flow wp-block-column-is-layout-flow\" style=\"flex-basis:50%\">\n<div class=\"wp-block-group has-global-padding is-layout-constrained wp-container-core-group-is-layout-59c37e9f wp-block-group-is-layout-constrained\" style=\"margin-bottom:40px\">\n<div class=\"wp-block-group is-style-default is-nowrap is-layout-flex wp-container-core-group-is-layout-6c531013 wp-block-group-is-layout-flex\">\n<h6 class=\"wp-block-heading has-text-color has-x-small-font-size\" style=\"color:#384bf8;text-transform:uppercase\">Hakk\u0131m\u0131zda<\/h6>\n<\/div>\n\n\n\n<h3 class=\"wp-block-heading has-text-align-left has-xx-large-font-size\" style=\"font-style:normal;font-weight:700;line-height:1.3\"><strong>Hukukun Her Alan\u0131nda Etkin ve G\u00fcvenilir \u00c7\u00f6z\u00fcmler<\/strong><\/h3>\n\n\n\n<p class=\"has-text-align-left has-text-color has-link-color has-x-small-font-size wp-elements-e0add32346a6d7d9f3942e4f73042914\" style=\"color:#4d5d6d\">Akan Hukuk B\u00fcrosu olarak, m\u00fcvekkillerimize farkl\u0131 hukuk alanlar\u0131nda h\u0131zl\u0131, g\u00fcvenilir ve sonu\u00e7 odakl\u0131 dan\u0131\u015fmanl\u0131k ve temsil hizmetleri sunmaktay\u0131z.<\/p>\n<\/div>\n\n\n\n<div class=\"wp-block-group has-global-padding is-layout-constrained wp-container-core-group-is-layout-9d02a033 wp-block-group-is-layout-constrained\" style=\"border-top-left-radius:5px;border-top-right-radius:5px;border-bottom-left-radius:5px;border-bottom-right-radius:5px;padding-top:0;padding-right:0;padding-bottom:0;padding-left:0\">\n<div class=\"wp-block-group has-pure-white-background-color has-background is-layout-flex wp-container-core-group-is-layout-821b471c wp-block-group-is-layout-flex\" style=\"border-top-left-radius:5px;border-top-right-radius:5px;border-bottom-left-radius:5px;border-bottom-right-radius:5px;padding-top:20px;padding-right:20px;padding-bottom:20px;padding-left:20px\">\n<div class=\"wp-block-group has-global-padding is-layout-constrained wp-container-core-group-is-layout-c40a8074 wp-block-group-is-layout-constrained\">\n<h5 class=\"wp-block-heading has-medium-font-size\" style=\"font-style:normal;font-weight:600\">Hukuki Dan\u0131\u015fmanl\u0131k<\/h5>\n\n\n\n<p class=\"has-text-align-left has-text-color has-link-color has-x-small-font-size wp-elements-fe7c81ae752bc3dbeac6607434d53d70\" style=\"color:#4d5d6d;line-height:1.8\">M\u00fcvekkillerimize ihtiya\u00e7lar\u0131na \u00f6zel, stratejik ve s\u00fcrd\u00fcr\u00fclebilir hukuki dan\u0131\u015fmanl\u0131k hizmeti sunuyoruz.<\/p>\n<\/div>\n<\/div>\n\n\n\n<div class=\"wp-block-group has-pure-white-background-color has-background is-layout-flex wp-container-core-group-is-layout-821b471c wp-block-group-is-layout-flex\" style=\"border-top-left-radius:5px;border-top-right-radius:5px;border-bottom-left-radius:5px;border-bottom-right-radius:5px;padding-top:20px;padding-right:20px;padding-bottom:20px;padding-left:20px\">\n<div class=\"wp-block-group has-global-padding is-layout-constrained wp-container-core-group-is-layout-c40a8074 wp-block-group-is-layout-constrained\">\n<h5 class=\"wp-block-heading has-medium-font-size\" style=\"font-style:normal;font-weight:600\"><strong>S\u00f6zle\u015fme Y\u00f6netimi<\/strong><\/h5>\n\n\n\n<p class=\"has-text-align-left has-text-color has-link-color has-x-small-font-size wp-elements-b6323520067f1342562b10b131543c36\" style=\"color:#4d5d6d;line-height:1.8\">Her t\u00fcrl\u00fc s\u00f6zle\u015fmenin haz\u0131rlanmas\u0131, incelenmesi ve m\u00fczakere s\u00fcre\u00e7lerinde profesyonel destek sa\u011fl\u0131yoruz.<\/p>\n<\/div>\n<\/div>\n<\/div>\n<\/div>\n<\/div>\n\n\n\n<div class=\"wp-block-group has-pure-white-background-color has-background is-layout-flex wp-container-core-group-is-layout-821b471c wp-block-group-is-layout-flex\" style=\"border-top-left-radius:5px;border-top-right-radius:5px;border-bottom-left-radius:5px;border-bottom-right-radius:5px;padding-top:20px;padding-right:20px;padding-bottom:20px;padding-left:20px\">\n<div class=\"wp-block-group has-global-padding is-layout-constrained wp-container-core-group-is-layout-c40a8074 wp-block-group-is-layout-constrained\">\n<h5 class=\"wp-block-heading has-medium-font-size\" style=\"font-style:normal;font-weight:600\"><strong>Akan Avukatl\u0131k B\u00fcrosu<\/strong><\/h5>\n\n\n\n<p class=\"has-text-align-left has-text-color has-link-color has-x-small-font-size wp-elements-228afc4c05d60708613deaaac2301e01\" style=\"color:#4d5d6d;line-height:1.8\">Akan, Avukat Mahmut Esat Akan taraf\u0131ndan \u0130stanbul\u2019da kurulmu\u015f, ulusal ve uluslararas\u0131 alanda hukukun \u00e7e\u015fitli dallar\u0131nda faaliyet g\u00f6steren bir hukuk b\u00fcrosudur. Ceza Hukuku, Yabanc\u0131lar Hukuku, \u0130dare Hukuku, \u0130\u015f Hukuku, Aile Hukuku ve Ki\u015fisel Verilerin Korunmas\u0131 Hukuku ba\u015fta olmak \u00fczere geni\u015f bir yelpazede m\u00fcvekkillerine avukatl\u0131k ve dan\u0131\u015fmanl\u0131k hizmeti vermektedir.<\/p>\n\n\n\n<p class=\"has-text-align-left has-text-color has-link-color has-x-small-font-size wp-elements-ed03a59e875882d334ac2f18615458f8\" style=\"color:#4d5d6d;line-height:1.8\">Akan, ulusal ve uluslararas\u0131 d\u00fczeydeki g\u00fcncel hukuki geli\u015fmeleri yak\u0131ndan takip ederek m\u00fcvekkillerine en do\u011fru ve en g\u00fcncel hukuki hizmeti sunmay\u0131 ama\u00e7lar.<\/p>\n<\/div>\n<\/div>\n<\/div>\n\n\n\n<p><\/p>\n","protected":false},"excerpt":{"rendered":"<p>Hakk\u0131m\u0131zda Hukukun Her Alan\u0131nda Etkin ve G\u00fcvenilir \u00c7\u00f6z\u00fcmler Akan Hukuk B\u00fcrosu olarak, m\u00fcvekkillerimize farkl\u0131 hukuk alanlar\u0131nda h\u0131zl\u0131, g\u00fcvenilir ve sonu\u00e7 odakl\u0131 dan\u0131\u015fmanl\u0131k ve temsil hizmetleri sunmaktay\u0131z. Hukuki Dan\u0131\u015fmanl\u0131k M\u00fcvekkillerimize ihtiya\u00e7lar\u0131na \u00f6zel, stratejik ve s\u00fcrd\u00fcr\u00fclebilir hukuki dan\u0131\u015fmanl\u0131k hizmeti sunuyoruz. S\u00f6zle\u015fme Y\u00f6netimi Her t\u00fcrl\u00fc s\u00f6zle\u015fmenin haz\u0131rlanmas\u0131, incelenmesi ve m\u00fczakere s\u00fcre\u00e7lerinde profesyonel destek sa\u011fl\u0131yoruz. Akan Avukatl\u0131k B\u00fcrosu Akan, [&hellip;]<\/p>\n","protected":false},"author":1,"featured_media":0,"parent":0,"menu_order":0,"comment_status":"closed","ping_status":"closed","template":"","meta":{"footnotes":""},"class_list":["post-32","page","type-page","status-publish","hentry"],"_links":{"self":[{"href":"https:\/\/akanlaw.tr\/index.php\/wp-json\/wp\/v2\/pages\/32","targetHints":{"allow":["GET"]}}],"collection":[{"href":"https:\/\/akanlaw.tr\/index.php\/wp-json\/wp\/v2\/pages"}],"about":[{"href":"https:\/\/akanlaw.tr\/index.php\/wp-json\/wp\/v2\/types\/page"}],"author":[{"embeddable":true,"href":"https:\/\/akanlaw.tr\/index.php\/wp-json\/wp\/v2\/users\/1"}],"replies":[{"embeddable":true,"href":"https:\/\/akanlaw.tr\/index.php\/wp-json\/wp\/v2\/comments?post=32"}],"version-history":[{"count":2,"href":"https:\/\/akanlaw.tr\/index.php\/wp-json\/wp\/v2\/pages\/32\/revisions"}],"predecessor-version":[{"id":128,"href":"https:\/\/akanlaw.tr\/index.php\/wp-json\/wp\/v2\/pages\/32\/revisions\/128"}],"wp:attachment":[{"href":"https:\/\/akanlaw.tr\/index.php\/wp-json\/wp\/v2\/media?parent=32"}],"curies":[{"name":"wp","href":"https:\/\/api.w.org\/{rel}","templated":true}]}}